{"id":124,"date":"2020-08-04T15:31:26","date_gmt":"2020-08-04T11:31:26","guid":{"rendered":"http:\/\/intermedplus.az\/?page_id=124"},"modified":"2020-08-04T15:31:28","modified_gmt":"2020-08-04T11:31:28","slug":"exokardioqrafiya","status":"publish","type":"page","link":"https:\/\/intermedplus.az\/?page_id=124","title":{"rendered":"Exokardioqrafiya"},"content":{"rendered":"\n<p><strong>Exokardioqrafiya<\/strong>\u00a0&#8211; anadang\u0259lm\u0259 v\u0259 sonradan qazan\u0131lma \u00fcr\u0259k q\u00fcsurlar\u0131 haqq\u0131nda \u0259n d\u0259qiq v\u0259 eyni zamanda qeyri invaziv m\u00fcayin\u0259 \u00fcsulu hesab edilir.\u00dcr\u0259yin<strong>\u00a0ultras\u0259s m\u00fcayin\u0259sini<\/strong>\u00a0aparmaq \u00fc\u00e7\u00fcn \u0259sas g\u00f6st\u0259ri\u015fl\u0259r a\u015fa\u011fadak\u0131lard\u0131r:<\/p>\n\n\n\n<ol class=\"wp-block-list\"><li>Anadang\u0259lm\u0259 v\u0259 ya sonradan qazan\u0131lma \u00fcr\u0259k q\u00fcsurlar\u0131na \u015f\u00fcbh\u0259 olduqda.<\/li><li>\u00dcr\u0259kd\u0259 h\u0259r hans\u0131 bir k\u00fcy e\u015fidil\u0259rs\u0259.<\/li><li>Adi\u00a0kardioqramma\u00a0zaman\u0131 d\u0259yi\u015fiklk tap\u0131larsa<\/li><li>Miokard infarkt\u0131na \u015f\u00fcbh\u0259 olduqda habel\u0259 infarkt\u0131 ke\u00e7irmi\u015f x\u0259st\u0259l\u0259r<\/li><li>X\u0259st\u0259l\u0259rd\u0259 \u00fcr\u0259k nahiyy\u0259sind\u0259 a\u011fr\u0131lar, t\u0259ngin\u0259f\u0259slik oldu\u011fu zaman<\/li><li>Qan t\u0259zyiqinin yuxar\u0131 v\u0259 ya a\u015fa\u011f\u0131 olarsa<\/li><li>Ke\u00e7iril\u0259n \u00fcr\u0259k \u0259m\u0259liyyatlar\u0131ndan sonrak\u0131 n\u0259zar\u0259t m\u0259qs\u0259di il\u0259.<\/li><\/ol>\n\n\n\n<p>Hal hazirda m\u00fcasir&nbsp;<strong>exokardioqrafiya<\/strong>&nbsp;bir ne\u00e7\u0259 variantlarda apar\u0131la bil\u0259r<\/p>\n\n\n\n<ol class=\"wp-block-list\"><li>Sad\u0259 B-rejimli&nbsp;<strong>exokardioqrafiya<\/strong>&#8211; ad\u0131ndan b\u0259lli oldu\u011fu kimi \u00fcr\u0259yin v\u0259 onun m\u00fcxt\u0259lif hiss\u0259l\u0259ri(qapaqlar, \u00fcr\u0259k bo\u015flu\u011fu) adi olaraq g\u00f6rm\u0259y\u0259 imkan yarad\u0131<\/li><li>M-rejim burada \u00fcr\u0259yin yoxlan\u0131lmas\u0131 x\u00fcsusi qrafik formas\u0131nda al\u0131nm\u0131\u015f t\u0259svirin \u00fcz\u0259rind\u0259 apar\u0131l\u0131r.K\u00f6m\u0259k\u015fi \u00fcsul hesab edilir v\u0259 \u0259ks\u0259riyy\u0259t hallarda birinci \u00fcsul il\u0259 birlikd\u0259 apar\u0131l\u0131r<\/li><li>Doppler<strong>&nbsp;exokardioqrafiya<\/strong>&nbsp;m\u00fcxt\u0259lif formalar\u0131n\u0131 \u00f6z\u00fcnd\u0259 birl\u0259\u015fdir\u0259r\u0259k(impulsdal\u011fal\u0131, fasil\u0259sizdal\u011fal\u0131, r\u0259nqli, enerqetik, toxum doppler) sonda \u00fcr\u0259kdaxili v\u0259 \u00fcr\u0259kd\u0259n \u00e7\u0131xan maqistral damarlarda ged\u0259n qan d\u00f6vran\u0131 haqq\u0131nda, habel\u0259 \u00fcr\u0259k \u0259z\u0259l\u0259sinin z\u0259if h\u0259r\u0259k\u0259t ed\u0259n v\u0259 gizli qalan sah\u0259l\u0259rini a\u015fkar etm\u0259k imkan\u0131 yarad\u0131r.<\/li><li>Stress<strong>&nbsp;exokardioqrafiya<\/strong>-bu zaman&nbsp;<strong>\u00fcr\u0259yin ultras\u0259s m\u00fcayin\u0259si<\/strong>&nbsp;x\u0259st\u0259y\u0259 m\u00fcxt\u0259lif fiziki s\u0131naqlar v\u0259 ya y\u00fckl\u0259nm\u0259l\u0259r veril\u0259r\u0259k apar\u0131l\u0131r. \u018fsas\u0259n geni\u015f istifad\u0259 olunur \u00fcr\u0259yin i\u015femik x\u0259sliyind\u0259n \u0259ziyy\u0259t \u00e7\u0259k\u0259n x\u0259st\u0259l\u0259rd\u0259.<\/li><li>Damardaxili ultras\u0259s x\u00fcsusi damara yeridilmi\u015f \u00f6t\u00fcr\u00fcc\u00fcn\u00fcn k\u00f6m\u0259kliyi il\u0259 \u00fcr\u0259yin koronar damarlar\u0131n\u0131n yoxlan\u0131lmas\u0131 .\u0130nvaziv \u00fcsul hesab edilir v\u0259 bir \u00e7ox hallarda koronaroqrafiya il\u0259 birlikd\u0259 apar\u0131l\u0131r.<\/li><\/ol>\n","protected":false},"excerpt":{"rendered":"<p>Exokardioqrafiya\u00a0&#8211; anadang\u0259lm\u0259 v\u0259 sonradan qazan\u0131lma \u00fcr\u0259k q\u00fcsurlar\u0131 haqq\u0131nda \u0259n d\u0259qiq v\u0259 eyni zamanda qeyri invaziv m\u00fcayin\u0259 \u00fcsulu hesab edilir.\u00dcr\u0259yin\u00a0ultras\u0259s m\u00fcayin\u0259sini\u00a0aparmaq \u00fc\u00e7\u00fcn \u0259sas g\u00f6st\u0259ri\u015fl\u0259r a\u015fa\u011fadak\u0131lard\u0131r: Anadang\u0259lm\u0259 v\u0259 ya sonradan qazan\u0131lma \u00fcr\u0259k q\u00fcsurlar\u0131na \u015f\u00fcbh\u0259 olduqda. \u00dcr\u0259kd\u0259 h\u0259r hans\u0131 bir k\u00fcy e\u015fidil\u0259rs\u0259. Adi\u00a0kardioqramma\u00a0zaman\u0131 d\u0259yi\u015fiklk tap\u0131larsa Miokard infarkt\u0131na \u015f\u00fcbh\u0259 olduqda habel\u0259 infarkt\u0131 ke\u00e7irmi\u015f x\u0259st\u0259l\u0259r X\u0259st\u0259l\u0259rd\u0259 \u00fcr\u0259k nahiyy\u0259sind\u0259 a\u011fr\u0131lar, t\u0259ngin\u0259f\u0259slik&hellip;<\/p>\n","protected":false},"author":1,"featured_media":125,"parent":0,"menu_order":0,"comment_status":"closed","ping_status":"closed","template":"","meta":{"pagelayer_contact_templates":[],"_pagelayer_content":"","footnotes":""},"class_list":["post-124","page","type-page","status-publish","has-post-thumbnail","hentry"],"_links":{"self":[{"href":"https:\/\/intermedplus.az\/index.php?rest_route=\/wp\/v2\/pages\/124","targetHints":{"allow":["GET"]}}],"collection":[{"href":"https:\/\/intermedplus.az\/index.php?rest_route=\/wp\/v2\/pages"}],"about":[{"href":"https:\/\/intermedplus.az\/index.php?rest_route=\/wp\/v2\/types\/page"}],"author":[{"embeddable":true,"href":"https:\/\/intermedplus.az\/index.php?rest_route=\/wp\/v2\/users\/1"}],"replies":[{"embeddable":true,"href":"https:\/\/intermedplus.az\/index.php?rest_route=%2Fwp%2Fv2%2Fcomments&post=124"}],"version-history":[{"count":1,"href":"https:\/\/intermedplus.az\/index.php?rest_route=\/wp\/v2\/pages\/124\/revisions"}],"predecessor-version":[{"id":126,"href":"https:\/\/intermedplus.az\/index.php?rest_route=\/wp\/v2\/pages\/124\/revisions\/126"}],"wp:featuredmedia":[{"embeddable":true,"href":"https:\/\/intermedplus.az\/index.php?rest_route=\/wp\/v2\/media\/125"}],"wp:attachment":[{"href":"https:\/\/intermedplus.az\/index.php?rest_route=%2Fwp%2Fv2%2Fmedia&parent=124"}],"curies":[{"name":"wp","href":"https:\/\/api.w.org\/{rel}","templated":true}]}}