{"id":137,"date":"2020-08-04T16:40:55","date_gmt":"2020-08-04T12:40:55","guid":{"rendered":"http:\/\/intermedplus.az\/?page_id=137"},"modified":"2020-08-04T16:40:56","modified_gmt":"2020-08-04T12:40:56","slug":"oftomoloji-muayin%c9%99l%c9%99r","status":"publish","type":"page","link":"https:\/\/intermedplus.az\/?page_id=137","title":{"rendered":"Oftomoloji m\u00fcayin\u0259l\u0259r"},"content":{"rendered":"\n<p>Oftalmologiya &#8211; Tibbin bir sah\u0259si olub, g\u00f6z almas\u0131n\u0131n v\u0259 g\u00f6z\u00fcn k\u00f6m\u0259k\u00e7i aparat\u0131n\u0131n (g\u00f6z ya\u015f\u0131 sistemi,konyunktiva,g\u00f6z qapaqlar\u0131) x\u0259st\u0259likl\u0259rini, onlar\u0131n diaqnostika,m\u00fcalic\u0259 v\u0259 profilaktikas\u0131n\u0131 \u00f6yr\u0259nir. \u0130nsan \u0259traf m\u00fchitd\u0259n informasiyan\u0131n b\u00f6y\u00fck hiss\u0259sini g\u00f6z vasit\u0259si il\u0259 al\u0131r.T\u0259\u0259ss\u00fcf ki, son ill\u0259r m\u00fcxt\u0259lif s\u0259b\u0259bl\u0259rd\u0259n g\u00f6z x\u0259st\u0259likl\u0259rinin say\u0131 k\u0259skin artm\u0131\u015fd\u0131r. H\u0259tta tamamil\u0259 sa\u011flam ki\u015fi v\u0259 qad\u0131nlarda 40 ya\u015fdan sonra g\u00f6rm\u0259nin t\u0259bii z\u0259ifl\u0259m\u0259si ba\u015f verir.<\/p>\n\n\n\n<p>Cihaz g\u00f6rm\u0259nin psixofiziki parametrl\u0259rini qiym\u0259tl\u0259ndirm\u0259k \u00fc\u00e7\u00fcn istifad\u0259 olunur. O, m\u00fcxt\u0259lif i\u015far\u0259 v\u0259 h\u0259rfl\u0259ri ekrana proyeksiyala\u015fd\u0131r\u0131r v\u0259 bununla da uzaqdan g\u00f6rm\u0259nin itiliyini, astiqmatizmi, astiqmatik g\u00f6z\u00fcn \u0259sas meridianlar\u0131n\u0131n istiqam\u0259tini m\u00fc\u0259yy\u0259nl\u0259\u015fdirm\u0259y\u0259 imkan yarad\u0131r. Cihaz vasit\u0259sil\u0259 b\u00f6y\u00fckl\u0259rd\u0259 v\u0259 u\u015faqlarda g\u00f6rm\u0259nin xarakteri (binokulyar v\u0259 ya monokulyar), binokulyar funksiyalar, heteroforiya m\u00fc\u0259yy\u0259n edilir.<\/p>\n\n\n\n<p>G\u00f6z ya\u015f\u0131<br>Refraksiya anomaliyalar\u0131<br>\u00c7\u0259pg\u00f6zl\u00fck<br>Katarakta<br>Qlaukoma<br>G\u00f6z sulanmas\u0131<br>Uza\u011f\u0131 g\u00f6rm\u0259<br>Miopiya<br>G\u00f6z ya\u015f\u0131 aparat\u0131n\u0131n m\u00fcayin\u0259si<br>Yeni do\u011fulmu\u015flarda dakriosistit (M\u00fcayin\u0259)<br>Autorefraktometriya<br>G\u00f6zdaxili t\u0259zyiqin \u00f6l\u00e7\u00fclm\u0259si<br>G\u00f6z dibinin m\u00fcayin\u0259si<br>G\u00f6zd\u0259n yad cismin \u00e7\u0131xarilmas\u0131<br>G\u00f6z\u0259 inyeksiya<br>\u015e\u0259k\u0259rli diabet v\u0259 g\u00f6z probleml\u0259ri<br>G\u00f6z \u00fc\u00e7\u00fcn faydal\u0131 qidalar<br>Kiprik g\u0259n\u0259si &#8211; demodeks<br>Kiprikl\u0259rin dibinin masaj\u0131<br>Keratokonus<br>Akkomodasiya<\/p>\n\n\n\n<p>Akkomodasiya\u00a0 spazm\u0131 g\u00f6z yor\u011funlu\u011funun n\u0259tic\u0259sidir, b\u0259z\u0259n yalan\u00e7\u0131 miopiya adlan\u0131r. Akkomodasiya spazm\u0131 geriy\u0259 qay\u0131dan proses olsa da uzun m\u00fcdd\u0259t oftalmoloq\u00a0 m\u00fcayin\u0259sind\u0259n ke\u00e7m\u0259dikd\u0259 g\u00f6rm\u0259\u00a0 qabiliyy\u0259ti h\u0259qiq\u0259t\u0259n azal\u0131r v\u0259 miopiya inki\u015faf edir.<\/p>\n","protected":false},"excerpt":{"rendered":"<p>Oftalmologiya &#8211; Tibbin bir sah\u0259si olub, g\u00f6z almas\u0131n\u0131n v\u0259 g\u00f6z\u00fcn k\u00f6m\u0259k\u00e7i aparat\u0131n\u0131n (g\u00f6z ya\u015f\u0131 sistemi,konyunktiva,g\u00f6z qapaqlar\u0131) x\u0259st\u0259likl\u0259rini, onlar\u0131n diaqnostika,m\u00fcalic\u0259 v\u0259 profilaktikas\u0131n\u0131 \u00f6yr\u0259nir. \u0130nsan \u0259traf m\u00fchitd\u0259n informasiyan\u0131n b\u00f6y\u00fck hiss\u0259sini g\u00f6z vasit\u0259si il\u0259 al\u0131r.T\u0259\u0259ss\u00fcf ki, son ill\u0259r m\u00fcxt\u0259lif s\u0259b\u0259bl\u0259rd\u0259n g\u00f6z x\u0259st\u0259likl\u0259rinin say\u0131 k\u0259skin artm\u0131\u015fd\u0131r. H\u0259tta tamamil\u0259 sa\u011flam ki\u015fi v\u0259 qad\u0131nlarda 40 ya\u015fdan sonra g\u00f6rm\u0259nin t\u0259bii z\u0259ifl\u0259m\u0259si ba\u015f&hellip;<\/p>\n","protected":false},"author":1,"featured_media":138,"parent":0,"menu_order":0,"comment_status":"closed","ping_status":"closed","template":"","meta":{"pagelayer_contact_templates":[],"_pagelayer_content":"","footnotes":""},"class_list":["post-137","page","type-page","status-publish","has-post-thumbnail","hentry"],"_links":{"self":[{"href":"https:\/\/intermedplus.az\/index.php?rest_route=\/wp\/v2\/pages\/137","targetHints":{"allow":["GET"]}}],"collection":[{"href":"https:\/\/intermedplus.az\/index.php?rest_route=\/wp\/v2\/pages"}],"about":[{"href":"https:\/\/intermedplus.az\/index.php?rest_route=\/wp\/v2\/types\/page"}],"author":[{"embeddable":true,"href":"https:\/\/intermedplus.az\/index.php?rest_route=\/wp\/v2\/users\/1"}],"replies":[{"embeddable":true,"href":"https:\/\/intermedplus.az\/index.php?rest_route=%2Fwp%2Fv2%2Fcomments&post=137"}],"version-history":[{"count":1,"href":"https:\/\/intermedplus.az\/index.php?rest_route=\/wp\/v2\/pages\/137\/revisions"}],"predecessor-version":[{"id":139,"href":"https:\/\/intermedplus.az\/index.php?rest_route=\/wp\/v2\/pages\/137\/revisions\/139"}],"wp:featuredmedia":[{"embeddable":true,"href":"https:\/\/intermedplus.az\/index.php?rest_route=\/wp\/v2\/media\/138"}],"wp:attachment":[{"href":"https:\/\/intermedplus.az\/index.php?rest_route=%2Fwp%2Fv2%2Fmedia&parent=137"}],"curies":[{"name":"wp","href":"https:\/\/api.w.org\/{rel}","templated":true}]}}