{"id":145,"date":"2020-08-04T17:09:15","date_gmt":"2020-08-04T13:09:15","guid":{"rendered":"http:\/\/intermedplus.az\/?page_id=145"},"modified":"2020-08-04T17:09:17","modified_gmt":"2020-08-04T13:09:17","slug":"fizioterapiya","status":"publish","type":"page","link":"https:\/\/intermedplus.az\/?page_id=145","title":{"rendered":"Fizioterapiya"},"content":{"rendered":"\n<p>Fizioterapiya tibbin m\u00fcalic\u0259 vasit\u0259l\u0259rind\u0259n biridir. Bu m\u00fcalic\u0259 vasit\u0259l\u0259ri \u015f\u00fcalar v\u0259 insan orqanizmin\u0259 t\u0259bii faktoprlar\u0131n s\u00fcni yollarla t\u0259tbiq edilm\u0259sind\u0259n as\u0131l\u0131d\u0131r. Fizioterapevtik m\u00fcalic\u0259 \u00fcsullar\u0131ndan q\u0259dim d\u00f6vrlrd\u0259n istifad\u0259 edilir. T\u0259bii amill\u0259rd\u0259n istifad\u0259 ed\u0259r\u0259k m\u00fcxt\u0259lif x\u0259st\u0259likl\u0259rin m\u00fcalic\u0259si b\u0259\u015f\u0259r \u00f6vlad\u0131n\u0131n yaranma tarixind\u0259n ba\u015flay\u0131r. Tarixi qaynaqlar g\u00f6st\u0259rir ki, h\u0259l\u0259 eram\u0131zdan qabaq q\u0259dim insanlar bir s\u0131ra x\u0259st\u0259likl\u0259ri,b\u0259d\u0259nd\u0259ki z\u0259d\u0259l\u0259nm\u0259l\u0259ri isti v\u0259 soyuq kompresl\u0259rl\u0259, d\u0259ri m\u0259d\u0259-ba\u011f\u0131rsaq x\u0259st\u0259likl\u0259rini is\u0259 yumaq v\u0259 imal\u0259l\u0259rl\u0259 m\u00fcalic\u0259 edirmi\u015fl\u0259r.\u00a0 Ulu \u0259cdadlar\u0131m\u0131z manual terapiya v\u0259 akupunktura kimi adland\u0131r\u0131lan m\u00fcalic\u0259 \u00fcsulunun elementl\u0259rind\u0259n istifad\u0259 ed\u0259r\u0259k dayaq-h\u0259r\u0259k\u0259t, sinir sisteminin v\u0259 m\u00fcxt\u0259lif d\u0259rman bitkil\u0259rinin inhalyasiyas\u0131n t\u0259tbiq etm\u0259kl\u0259 t\u0259n\u0259ff\u00fcs yollar\u0131 x\u0259st\u0259likl\u0259rinin m\u00fcailic\u0259sin apar\u0131rlarm\u0131\u015f. Q\u0259dim \u00c7in h\u0259kiml\u0259ri d\u0259rid\u0259 m\u00fcxt\u0259lif k\u0259sikl\u0259r aparmaq, iyn\u0259 bat\u0131rmaq, yanan siqarlar\u0131 b\u0259d\u0259nin m\u00fcxt\u0259lif yerl\u0259rin\u0259 toxundurmaqla m\u00fcxt\u0259lif x\u0259st\u0259likl\u0259rin sa\u011falmas\u0131n\u0131 s\u00fcr\u0259tl\u0259ndirimi\u015fl\u0259r.<\/p>\n\n\n\n<p><strong>Fizioterapiya<\/strong>&nbsp;sah\u0259sind\u0259 a\u015fa\u011f\u0131dak\u0131 metodlardan istifad\u0259 edilir:<\/p>\n\n\n\n<ul class=\"wp-block-list\"><li> hava vannalar<\/li><li> su il\u0259 m\u00fcalic\u0259<\/li><li> mineral sularla m\u00fcalic\u0259<\/li><li> s\u00fcni g\u00fcn\u0259\u015f i\u015f\u0131\u011f\u0131 vasit\u0259sil\u0259 m\u00fcalic\u0259<\/li><li> isti v\u0259 ya soyuqla m\u00fcaic\u0259<\/li><li> elektrikl\u0259 m\u00fcalic\u0259<\/li><li>elektromaqnitl\u0259 m\u00fcalic\u0259<\/li><li>t\u0259zyiql\u0259 m\u00fcalic\u0259 (baroterapiya)\u00a0<\/li><li>mexaniki t\u0259sirl\u0259rl\u0259 m\u00fcalic\u0259<\/li><li><em>&#8211; massaj<\/em><\/li><li><em>&#8211; banka qoyma<\/em><\/li><li><em>&#8211; m\u00fcalic\u0259 b\u0259d\u0259n t\u0259rbiy\u0259si<\/em><\/li><li><em>&#8211; bu\u011fa verm\u0259<\/em><\/li><\/ul>\n\n\n\n<p><strong>Fizioterapiyan\u0131n a\u015fa\u011f\u0131dak\u0131 \u015f\u00f6b\u0259l\u0259ri vard\u0131r:<\/strong><\/p>\n\n\n\n<ul class=\"wp-block-list\"><li>lazerl\u0259 m\u00fcalic\u0259<\/li><li>diadinmoterapiya<\/li><li>amplipulsterapiya\u00a0<\/li><li>transkranial v\u0259 mikropolyarizasiya<\/li><li>miostimulysiya<\/li><li>m\u00fcxt\u0259lif nexaniki t\u0259sirl\u0259rl\u0259 q\u0131zd\u0131r\u0131c\u0131 \u015f\u00fcalanma<\/li><li>krioperatiya\u00a0<\/li><\/ul>\n\n\n\n<p><strong>\u00abInterMed\u00bb+ Diaqnostika M\u0259rk\u0259zi<\/strong> \u0259n yeni fizioterapevtik avadanl\u0131qlar il\u0259 t\u0259chiz olunmu\u015fdur. H\u0259min avadanl\u0131qlar\u0131n h\u0259r biri elmi-texniki t\u0259r\u0259qqi il\u0259 \u0259laq\u0259dar, m\u00fcasir kompyuter sistemi il\u0259 nizamlanan, kombin\u0259 olunan cihazlardan ibar\u0259tdir. Bu cihaz v&#8217; aparatlar\u0131n k\u00f6m\u0259yi il\u0259 a\u015fa\u011f\u0131dak\u0131 fizioterapevtik m\u00fcalic\u0259l\u0259ri aparmaq m\u00fcmk\u00fcnd\u00fcr:<\/p>\n\n\n\n<ul class=\"wp-block-list\"><li>Ultras\u0259sl\u0259 m\u00fcalic\u0259 v\u0259 Ultravinoforez;<\/li><li>Maqnitoterapiya;<\/li><li>Maqnit-lazer terapiyas\u0131;<\/li><li>Ultrab\u0259n\u00f6v\u015f\u0259yi \u015f\u00fcalarla m\u00fcalic\u0259;<\/li><li>\u0130nhalyasiya;<\/li><li>Yerli darsonvalizasiya;<\/li><li>Parafin terapiya<\/li><li>Ozokerit terapiyas\u0131<\/li><li>Naftalan terapiyas\u0131<\/li><li>Yerli pal\u00e7\u0131q m\u00fcalic\u0259si<\/li><li>Qalvanizasiya v\u0259 d\u0259rman elektroforezi;<\/li><li>Sinusoidal modulla\u015fm\u0131\u015f c\u0259r\u0259yanla m\u00fcalic\u0259;<\/li><li>Elektroyuxu terapiyas\u0131;<\/li><li>\u0130nterferens terapiyas\u0131;<\/li><li>Pnevmomassaj;<\/li><li>Ultray\u00fcks\u0259ktezlikli terapiya (\u0423\u0412\u0427);<\/li><li>Onur\u011fan\u0131n komp\u00fcter vasit\u0259si il\u0259 dart\u0131lmas\u0131 v\u0259 vibrasion masaj\u0131;<\/li><li>Akkupunktura v\u0259 refleksoterapiya.<\/li><\/ul>\n","protected":false},"excerpt":{"rendered":"<p>Fizioterapiya tibbin m\u00fcalic\u0259 vasit\u0259l\u0259rind\u0259n biridir. Bu m\u00fcalic\u0259 vasit\u0259l\u0259ri \u015f\u00fcalar v\u0259 insan orqanizmin\u0259 t\u0259bii faktoprlar\u0131n s\u00fcni yollarla t\u0259tbiq edilm\u0259sind\u0259n as\u0131l\u0131d\u0131r. Fizioterapevtik m\u00fcalic\u0259 \u00fcsullar\u0131ndan q\u0259dim d\u00f6vrlrd\u0259n istifad\u0259 edilir. T\u0259bii amill\u0259rd\u0259n istifad\u0259 ed\u0259r\u0259k m\u00fcxt\u0259lif x\u0259st\u0259likl\u0259rin m\u00fcalic\u0259si b\u0259\u015f\u0259r \u00f6vlad\u0131n\u0131n yaranma tarixind\u0259n ba\u015flay\u0131r. Tarixi qaynaqlar g\u00f6st\u0259rir ki, h\u0259l\u0259 eram\u0131zdan qabaq q\u0259dim insanlar bir s\u0131ra x\u0259st\u0259likl\u0259ri,b\u0259d\u0259nd\u0259ki z\u0259d\u0259l\u0259nm\u0259l\u0259ri isti v\u0259 soyuq kompresl\u0259rl\u0259,&hellip;<\/p>\n","protected":false},"author":1,"featured_media":146,"parent":0,"menu_order":0,"comment_status":"closed","ping_status":"closed","template":"","meta":{"pagelayer_contact_templates":[],"_pagelayer_content":"","footnotes":""},"class_list":["post-145","page","type-page","status-publish","has-post-thumbnail","hentry"],"_links":{"self":[{"href":"https:\/\/intermedplus.az\/index.php?rest_route=\/wp\/v2\/pages\/145","targetHints":{"allow":["GET"]}}],"collection":[{"href":"https:\/\/intermedplus.az\/index.php?rest_route=\/wp\/v2\/pages"}],"about":[{"href":"https:\/\/intermedplus.az\/index.php?rest_route=\/wp\/v2\/types\/page"}],"author":[{"embeddable":true,"href":"https:\/\/intermedplus.az\/index.php?rest_route=\/wp\/v2\/users\/1"}],"replies":[{"embeddable":true,"href":"https:\/\/intermedplus.az\/index.php?rest_route=%2Fwp%2Fv2%2Fcomments&post=145"}],"version-history":[{"count":1,"href":"https:\/\/intermedplus.az\/index.php?rest_route=\/wp\/v2\/pages\/145\/revisions"}],"predecessor-version":[{"id":147,"href":"https:\/\/intermedplus.az\/index.php?rest_route=\/wp\/v2\/pages\/145\/revisions\/147"}],"wp:featuredmedia":[{"embeddable":true,"href":"https:\/\/intermedplus.az\/index.php?rest_route=\/wp\/v2\/media\/146"}],"wp:attachment":[{"href":"https:\/\/intermedplus.az\/index.php?rest_route=%2Fwp%2Fv2%2Fmedia&parent=145"}],"curies":[{"name":"wp","href":"https:\/\/api.w.org\/{rel}","templated":true}]}}