{"id":148,"date":"2020-08-04T17:39:02","date_gmt":"2020-08-04T13:39:02","guid":{"rendered":"http:\/\/intermedplus.az\/?page_id=148"},"modified":"2020-08-04T17:41:22","modified_gmt":"2020-08-04T13:41:22","slug":"endokrinologiya","status":"publish","type":"page","link":"https:\/\/intermedplus.az\/?page_id=148","title":{"rendered":"Endokrinologiya"},"content":{"rendered":"\n<p><strong>Endokrinologiya<\/strong>\u00a0\u2013 daxili sekresiya v\u0259zil\u0259rinin ifraz etdiyi hormonlar\u0131n, insan orqanizmin\u0259 t\u0259siri, h\u0259m\u00e7inin bu v\u0259zl\u0259rin funksiyas\u0131 pozulduqda yaranan x\u0259st\u0259likl\u0259ri \u00f6yr\u0259n\u0259n tibbi sah\u0259dir.<\/p>\n\n\n\n<p><strong>Endokrinoloji x\u0259st\u0259likl\u0259r a\u015fa\u011f\u0131dak\u0131lard\u0131r:<\/strong><\/p>\n\n\n\n<ul class=\"wp-block-list\"><li>Hirsutizm (qad\u0131nlarda t\u00fckl\u0259nm\u0259),<\/li><li>Hipopituitarizm (cinsi inki\u015fafda l\u0259ngim\u0259)<\/li><li>Hipoqonadizm (cinciyy\u0259t v\u0259zil\u0259rinin z\u0259if inki\u015faf etm\u0259si)<\/li><li>Hipertireoz (Z\u0259h\u0259rli zob)<\/li><li>Hipotireoz\u00a0(D\u00fcy\u00fcnl\u00fc zob)<\/li><li>Hipoqlikemiya (qan \u015f\u0259k\u0259rinin a\u015fa\u011f\u0131\u00a0d\u00fc\u015fm\u0259si)<\/li><li>Qalxanvari v\u0259zi x\u0259r\u00e7\u0259ngi<\/li><li>Tireoditl\u0259r<\/li><li>Predmenstrual sindrom (menstruasiya \u00f6n\u00fc)<\/li><li>Cinsiyy\u0259t v\u0259zil\u0259rinin funksiyas\u0131n\u0131n pozulmas\u0131:<\/li><li>Preklimakterik sindrom (klimaks\u00f6n\u00fc d\u00f6vr)<\/li><li>Qalxanab\u0259nz\u0259r\u0259traf\u0131 v\u0259zil\u0259rin x\u0259st\u0259likl\u0259ri (hipoparatireodizm v\u0259 hiperparatireodizm)<\/li><li>Hipofizin funksiyas\u0131n\u0131n pozulmas\u0131 (akromeqaliya, qiqantizm, c\u0131rtdanboyluluq, hiperprolaktinemiya sindromu, \u015f\u0259k\u0259rsiz diabet v\u0259 s.)<\/li><li>M\u0259d\u0259alt\u0131 v\u0259zin funksiyas\u0131n\u0131n pozulmas\u0131 (\u015e\u0259k\u0259rli diabet, insulinoma) <\/li><li>B\u00f6yr\u0259k\u00fcst\u00fc v\u0259zi x\u0259st\u0259likl\u0259ri (hiperkortisizm, hiperaldosteronizm, Adisson x\u0259st\u0259liyi, Adrenogenital \u00a0\u00a0\u00a0sindrom, feoxromositoma)<\/li><li>Qalxanab\u0259nz\u0259r v\u0259zi x\u0259st\u0259likl\u0259ri (diffuz \u2013 toksiki zob, endemik zob, hipo-, hipertireodizm, \u00a0\u00a0miksedema, Xa\u015fimota zobu v\u0259 s.)<\/li><li>B\u00f6yr\u0259k\u00fcst\u00fc v\u0259z x\u0259st\u0259likl\u0259ri (Ku\u015finq sindromu \u2013 \u00a0kortizol y\u00fcks\u0259kliyi<\/li><li>Adisson x\u0259st\u0259liyi \u2013 kortizol yetm\u0259zliyi<\/li><li>Konn sindromu \u2013 aldosteron y\u00fcks\u0259kliyi<\/li><\/ul>\n\n\n\n<p><strong>Hans\u0131 \u015fikay\u0259tl\u0259r zaman\u0131 endokrinoloqa m\u00fcraci\u0259t etm\u0259k m\u0259sl\u0259h\u0259tdir?<\/strong><\/p>\n\n\n\n<ul class=\"wp-block-list\"><li>Susuzluq,<\/li><li>A\u011f\u0131z qurulu\u011fu,<\/li><li>Yuxusuzluq v\u0259 ya g\u00fcn \u0259rzind\u0259 artan yuxululuq,<\/li><li>Tez-tez hals\u0131zla\u015fma v\u0259 ya yor\u011funluq,<\/li><li>Ba\u015f gic\u0259ll\u0259nm\u0259l\u0259r,<\/li><li>H\u0259dd\u0259n art\u0131q t\u0259rl\u0259m\u0259,<\/li><li>Q\u0259fl v\u0259 ya q\u0131sa m\u00fcdd\u0259t \u0259rzind\u0259 \u00e7\u0259ki art\u0131m\u0131 v\u0259 ya azalmas\u0131,<\/li><li>G\u00f6zl\u0259rin b\u0259r\u0259lm\u0259si v\u0259 ya g\u00f6z almalar\u0131n\u0131n qaba\u011fa \u00e7\u0131xmas\u0131,<\/li><li>Sa\u00e7lar\u0131n t\u00f6k\u00fclm\u0259si,<\/li><li>G\u00fcn \u0259rzind\u0259 art\u0131q d\u0259r\u0259c\u0259 yuxululuq,hals\u0131zl\u0131q<\/li><li>Tez-tez ba\u015f ver\u0259n \u00fcr\u0259k \u00e7\u0131rp\u0131nmalar\u0131,<\/li><li>ayba\u015f\u0131lar\u0131n pozulmas\u0131 v\u0259 s.<\/li><\/ul>\n\n\n\n<p><strong>\u00abInterMed\u00bb+ Diaqnostika M\u0259rk\u0259zind\u0259<\/strong> t\u0259cr\u00fcb\u0259li h\u0259kim-endokrinoloqlar\u0131m\u0131z t\u0259r\u0259find\u0259n endokrin sistemi x\u0259st\u0259likl\u0259rinin diaqnostikas\u0131, ambulator v\u0259 stasionar m\u00fcalic\u0259si h\u0259yata ke\u00e7irilir.<\/p>\n","protected":false},"excerpt":{"rendered":"<p>Endokrinologiya\u00a0\u2013 daxili sekresiya v\u0259zil\u0259rinin ifraz etdiyi hormonlar\u0131n, insan orqanizmin\u0259 t\u0259siri, h\u0259m\u00e7inin bu v\u0259zl\u0259rin funksiyas\u0131 pozulduqda yaranan x\u0259st\u0259likl\u0259ri \u00f6yr\u0259n\u0259n tibbi sah\u0259dir. Endokrinoloji x\u0259st\u0259likl\u0259r a\u015fa\u011f\u0131dak\u0131lard\u0131r: Hirsutizm (qad\u0131nlarda t\u00fckl\u0259nm\u0259), Hipopituitarizm (cinsi inki\u015fafda l\u0259ngim\u0259) Hipoqonadizm (cinciyy\u0259t v\u0259zil\u0259rinin z\u0259if inki\u015faf etm\u0259si) Hipertireoz (Z\u0259h\u0259rli zob) Hipotireoz\u00a0(D\u00fcy\u00fcnl\u00fc zob) Hipoqlikemiya (qan \u015f\u0259k\u0259rinin a\u015fa\u011f\u0131\u00a0d\u00fc\u015fm\u0259si) Qalxanvari v\u0259zi x\u0259r\u00e7\u0259ngi Tireoditl\u0259r Predmenstrual sindrom (menstruasiya \u00f6n\u00fc) Cinsiyy\u0259t v\u0259zil\u0259rinin&hellip;<\/p>\n","protected":false},"author":1,"featured_media":149,"parent":0,"menu_order":0,"comment_status":"closed","ping_status":"closed","template":"","meta":{"pagelayer_contact_templates":[],"_pagelayer_content":"","footnotes":""},"class_list":["post-148","page","type-page","status-publish","has-post-thumbnail","hentry"],"_links":{"self":[{"href":"https:\/\/intermedplus.az\/index.php?rest_route=\/wp\/v2\/pages\/148","targetHints":{"allow":["GET"]}}],"collection":[{"href":"https:\/\/intermedplus.az\/index.php?rest_route=\/wp\/v2\/pages"}],"about":[{"href":"https:\/\/intermedplus.az\/index.php?rest_route=\/wp\/v2\/types\/page"}],"author":[{"embeddable":true,"href":"https:\/\/intermedplus.az\/index.php?rest_route=\/wp\/v2\/users\/1"}],"replies":[{"embeddable":true,"href":"https:\/\/intermedplus.az\/index.php?rest_route=%2Fwp%2Fv2%2Fcomments&post=148"}],"version-history":[{"count":2,"href":"https:\/\/intermedplus.az\/index.php?rest_route=\/wp\/v2\/pages\/148\/revisions"}],"predecessor-version":[{"id":151,"href":"https:\/\/intermedplus.az\/index.php?rest_route=\/wp\/v2\/pages\/148\/revisions\/151"}],"wp:featuredmedia":[{"embeddable":true,"href":"https:\/\/intermedplus.az\/index.php?rest_route=\/wp\/v2\/media\/149"}],"wp:attachment":[{"href":"https:\/\/intermedplus.az\/index.php?rest_route=%2Fwp%2Fv2%2Fmedia&parent=148"}],"curies":[{"name":"wp","href":"https:\/\/api.w.org\/{rel}","templated":true}]}}