{"id":188,"date":"2020-08-04T19:54:37","date_gmt":"2020-08-04T15:54:37","guid":{"rendered":"http:\/\/intermedplus.az\/?page_id=188"},"modified":"2020-08-04T20:04:14","modified_gmt":"2020-08-04T16:04:14","slug":"immunofermet-laboratoriya","status":"publish","type":"page","link":"https:\/\/intermedplus.az\/?page_id=188","title":{"rendered":"\u0130mmunofermet laboratoriya"},"content":{"rendered":"\n<p>Biz m\u0259suliyy\u0259timizi d\u0259rk ed\u0259r\u0259k daima \u0259n y\u00fcks\u0259k s\u0259viyy\u0259li tibbi xidm\u0259t g\u00f6st\u0259rm\u0259k v\u0259 h\u0259r k\u0259sin etibar etdiyi laboratoriya m\u0259rk\u0259zi kimi qalma\u011fa \u00e7al\u0131\u015f\u0131r\u0131q. Bu strateji h\u0259d\u0259fimizin \u0259sas\u0131nda biz\u0259 m\u00fcraci\u0259t ed\u0259n pasiyentl\u0259rimiz\u0259 y\u00fcks\u0259k keyfiyy\u0259tli laborator xidm\u0259t g\u00f6st\u0259ririk. Qabaqc\u0131l d\u00fcnya t\u0259cr\u00fcb\u0259sind\u0259n v\u0259 m\u00fcasir tibbi texnologiyalar\u0131n imkanlar\u0131ndan istifad\u0259 ed\u0259r\u0259k, pasiyentl\u0259rimizin m\u0259mnunluq d\u0259r\u0259c\u0259sini fasil\u0259siz y\u00fcks\u0259ltm\u0259k \u0259zmind\u0259yik.<\/p>\n\n\n\n<ul class=\"wp-block-list\"><li>Elektrolitl\u0259rin yoxlan\u0131lmas\u0131.<\/li><li>Qanda v\u0259 sidikd\u0259, z\u0259ruri hallarda dig\u0259r bioloji mayel\u0259rd\u0259 elektrolitl\u0259rin (K+,Na+,Ca+,P+,Cl-) t\u0259yini daxildir.<\/li><li>Anemiyalar\u0131n yoxlan\u0131lmas\u0131.<\/li><li>D\u0259mir, z\u0259rdab\u0131n d\u0259mirba\u011flay\u0131c\u0131 qabiliyy\u0259ti, ferritin, transferrin, h\u0259m\u00e7inin anemiya n\u00f6v\u00fcn\u00fc t\u0259yin etm\u0259k \u00fc\u00e7\u00fcn bir s\u0131ra vitaminl\u0259rin apar\u0131lmas\u0131 daxildir.<\/li><li>\u018fn \u00e7ox \u0259h\u0259miyy\u0259tli biokimy\u0259vi g\u00f6st\u0259ricil\u0259rin yerind\u0259c\u0259 poliklinika, x\u0259st\u0259xana v\u0259 ev \u015f\u0259raitind\u0259 standart test-sisteml\u0259rinin istifad\u0259si il\u0259 apar\u0131lmas\u0131 daxildir.<\/li><li>Ekspress m\u00fcayin\u0259l\u0259r.<\/li><li>Hepatitl\u0259r, Helikobakteri Pilori, Siflis v\u0259 Q\u0130\u00c7S kimi virus v\u0259 bakteriyalar\u0131n a\u015fkarlanmas\u0131<\/li><li>Poliklinika, x\u0259st\u0259xana v\u0259 ev \u015f\u0259raitind\u0259 test-sisteml\u0259rin vasit\u0259si il\u0259, orqanizmin patoloji v\u0259ziyy\u0259tinin t\u0259cili diaqnostikas\u0131 \u00fc\u00e7\u00fcn istifad\u0259 olunan g\u00f6st\u0259ricil\u0259rin apar\u0131lmas\u0131 daxildir.<\/li><\/ul>\n","protected":false},"excerpt":{"rendered":"<p>Biz m\u0259suliyy\u0259timizi d\u0259rk ed\u0259r\u0259k daima \u0259n y\u00fcks\u0259k s\u0259viyy\u0259li tibbi xidm\u0259t g\u00f6st\u0259rm\u0259k v\u0259 h\u0259r k\u0259sin etibar etdiyi laboratoriya m\u0259rk\u0259zi kimi qalma\u011fa \u00e7al\u0131\u015f\u0131r\u0131q. Bu strateji h\u0259d\u0259fimizin \u0259sas\u0131nda biz\u0259 m\u00fcraci\u0259t ed\u0259n pasiyentl\u0259rimiz\u0259 y\u00fcks\u0259k keyfiyy\u0259tli laborator xidm\u0259t g\u00f6st\u0259ririk. Qabaqc\u0131l d\u00fcnya t\u0259cr\u00fcb\u0259sind\u0259n v\u0259 m\u00fcasir tibbi texnologiyalar\u0131n imkanlar\u0131ndan istifad\u0259 ed\u0259r\u0259k, pasiyentl\u0259rimizin m\u0259mnunluq d\u0259r\u0259c\u0259sini fasil\u0259siz y\u00fcks\u0259ltm\u0259k \u0259zmind\u0259yik. Elektrolitl\u0259rin yoxlan\u0131lmas\u0131. Qanda v\u0259 sidikd\u0259,&hellip;<\/p>\n","protected":false},"author":1,"featured_media":189,"parent":0,"menu_order":0,"comment_status":"closed","ping_status":"closed","template":"","meta":{"pagelayer_contact_templates":[],"_pagelayer_content":"","footnotes":""},"class_list":["post-188","page","type-page","status-publish","has-post-thumbnail","hentry"],"_links":{"self":[{"href":"https:\/\/intermedplus.az\/index.php?rest_route=\/wp\/v2\/pages\/188","targetHints":{"allow":["GET"]}}],"collection":[{"href":"https:\/\/intermedplus.az\/index.php?rest_route=\/wp\/v2\/pages"}],"about":[{"href":"https:\/\/intermedplus.az\/index.php?rest_route=\/wp\/v2\/types\/page"}],"author":[{"embeddable":true,"href":"https:\/\/intermedplus.az\/index.php?rest_route=\/wp\/v2\/users\/1"}],"replies":[{"embeddable":true,"href":"https:\/\/intermedplus.az\/index.php?rest_route=%2Fwp%2Fv2%2Fcomments&post=188"}],"version-history":[{"count":2,"href":"https:\/\/intermedplus.az\/index.php?rest_route=\/wp\/v2\/pages\/188\/revisions"}],"predecessor-version":[{"id":197,"href":"https:\/\/intermedplus.az\/index.php?rest_route=\/wp\/v2\/pages\/188\/revisions\/197"}],"wp:featuredmedia":[{"embeddable":true,"href":"https:\/\/intermedplus.az\/index.php?rest_route=\/wp\/v2\/media\/189"}],"wp:attachment":[{"href":"https:\/\/intermedplus.az\/index.php?rest_route=%2Fwp%2Fv2%2Fmedia&parent=188"}],"curies":[{"name":"wp","href":"https:\/\/api.w.org\/{rel}","templated":true}]}}