{"id":288,"date":"2020-08-13T19:19:14","date_gmt":"2020-08-13T15:19:14","guid":{"rendered":"http:\/\/intermedplus.az\/?page_id=288"},"modified":"2020-08-13T19:19:14","modified_gmt":"2020-08-13T15:19:14","slug":"dr-ramazanova-humay","status":"publish","type":"page","link":"https:\/\/intermedplus.az\/?page_id=288","title":{"rendered":"Dr. Ramazanova Humay"},"content":{"rendered":"\n<h2 class=\"has-text-align-center wp-block-heading\"><span class=\"has-inline-color has-vivid-red-color\">H\u0259kim-laborabt<\/span><\/h2>\n\n\n\n<h2 class=\"wp-block-heading\"><strong>Ramazanova Humay<\/strong>\u00a0Azad q\u0131z\u0131.<\/h2>\n\n\n\n<h2 class=\"wp-block-heading\">1984-c\u00fc ild\u0259 anadan olmu\u015fdur. 2007-ci ild\u0259 Az\u0259rbaycan Beyn\u0259lxalq Universitetinin Tibbi Biologiya fak\u00fclt\u0259sini Klinik Diaqnostik H\u0259kim-laborant ixtisas\u0131 \u00fczr\u0259 ba\u015fa vurmu\u015fdur.<\/h2>\n\n\n\n<h2 class=\"wp-block-heading\">2007\/2008-ci ill\u0259rd\u0259 akademik M.A.Top\u00e7uba\u015fov ad\u0131na Elmi C\u0259rrahiyy\u0259 M\u0259rk\u0259zind\u0259 internatura ke\u00e7mi\u015f v\u0259 orada f\u0259aliyy\u0259t g\u00f6st\u0259rmi\u015fdir.<\/h2>\n\n\n\n<h2 class=\"wp-block-heading\">2010-cu ild\u0259n \u00abInterMed\u00bb+ Diaqnostika M\u0259rk\u0259zind\u0259 Kliniki H\u0259kim-haborant kimi i\u015fl\u0259yir. Tibb \u00fczr\u0259 \u00f6lk\u0259daxili bir \u00e7ox elmi-praktik konfranslarda i\u015ftirak\u00e7\u0131s\u0131d\u0131r.<\/h2>\n","protected":false},"excerpt":{"rendered":"<p>H\u0259kim-laborabt Ramazanova Humay\u00a0Azad q\u0131z\u0131. 1984-c\u00fc ild\u0259 anadan olmu\u015fdur. 2007-ci ild\u0259 Az\u0259rbaycan Beyn\u0259lxalq Universitetinin Tibbi Biologiya fak\u00fclt\u0259sini Klinik Diaqnostik H\u0259kim-laborant ixtisas\u0131 \u00fczr\u0259 ba\u015fa vurmu\u015fdur. 2007\/2008-ci ill\u0259rd\u0259 akademik M.A.Top\u00e7uba\u015fov ad\u0131na Elmi C\u0259rrahiyy\u0259 M\u0259rk\u0259zind\u0259 internatura ke\u00e7mi\u015f v\u0259 orada f\u0259aliyy\u0259t g\u00f6st\u0259rmi\u015fdir. 2010-cu ild\u0259n \u00abInterMed\u00bb+ Diaqnostika M\u0259rk\u0259zind\u0259 Kliniki H\u0259kim-haborant kimi i\u015fl\u0259yir. Tibb \u00fczr\u0259 \u00f6lk\u0259daxili bir \u00e7ox elmi-praktik konfranslarda i\u015ftirak\u00e7\u0131s\u0131d\u0131r.<\/p>\n","protected":false},"author":1,"featured_media":289,"parent":0,"menu_order":0,"comment_status":"closed","ping_status":"closed","template":"","meta":{"pagelayer_contact_templates":[],"_pagelayer_content":"","footnotes":""},"class_list":["post-288","page","type-page","status-publish","has-post-thumbnail","hentry"],"_links":{"self":[{"href":"https:\/\/intermedplus.az\/index.php?rest_route=\/wp\/v2\/pages\/288","targetHints":{"allow":["GET"]}}],"collection":[{"href":"https:\/\/intermedplus.az\/index.php?rest_route=\/wp\/v2\/pages"}],"about":[{"href":"https:\/\/intermedplus.az\/index.php?rest_route=\/wp\/v2\/types\/page"}],"author":[{"embeddable":true,"href":"https:\/\/intermedplus.az\/index.php?rest_route=\/wp\/v2\/users\/1"}],"replies":[{"embeddable":true,"href":"https:\/\/intermedplus.az\/index.php?rest_route=%2Fwp%2Fv2%2Fcomments&post=288"}],"version-history":[{"count":1,"href":"https:\/\/intermedplus.az\/index.php?rest_route=\/wp\/v2\/pages\/288\/revisions"}],"predecessor-version":[{"id":290,"href":"https:\/\/intermedplus.az\/index.php?rest_route=\/wp\/v2\/pages\/288\/revisions\/290"}],"wp:featuredmedia":[{"embeddable":true,"href":"https:\/\/intermedplus.az\/index.php?rest_route=\/wp\/v2\/media\/289"}],"wp:attachment":[{"href":"https:\/\/intermedplus.az\/index.php?rest_route=%2Fwp%2Fv2%2Fmedia&parent=288"}],"curies":[{"name":"wp","href":"https:\/\/api.w.org\/{rel}","templated":true}]}}