{"id":385,"date":"2020-09-16T01:32:45","date_gmt":"2020-09-15T21:32:45","guid":{"rendered":"http:\/\/intermedplus.az\/?page_id=385"},"modified":"2020-09-16T01:32:46","modified_gmt":"2020-09-15T21:32:46","slug":"dr-%c9%99liyev-ayaz","status":"publish","type":"page","link":"https:\/\/intermedplus.az\/?page_id=385","title":{"rendered":"Dr. \u018fliyev Ayaz"},"content":{"rendered":"\n<p>H\u0259kim-Kardioloq<\/p>\n\n\n\n<p>1969-cu ild\u0259 anadan olub.<\/p>\n\n\n\n<p>1994-c\u00fc ild\u0259 Rusiya Federasiyas\u0131 Astraxan Tibb \u0130nstitutunu bitirib.<\/p>\n\n\n\n<p>1996-ci ild\u0259&nbsp; Sumqay\u0131t 1sayl\u0131 x\u0259st\u0259xanada h\u0259kim Kardioloq kimi f\u0259aliyy\u0259t g\u00f6st\u0259rib.<\/p>\n\n\n\n<p>2005-ci ild\u0259n bu g\u00fcn\u0259 q\u0259d\u0259r Sumqay\u0131t \u015f\u0259h\u0259rind\u0259 \u0130ntermedPlyus Diaqnostika M\u0259rk\u0259zind\u0259 h\u0259kim kardioloq kimi f\u0259aliyy\u0259t g\u00f6st\u0259rir.<\/p>\n\n\n\n<p>M\u0259rk\u0259zi Klinik x\u0259st\u0259xanada m\u00fcxt\u0259lif sah\u0259l\u0259rd\u0259 t\u0259kmill\u0259\u015fdirm\u0259 kurslar\u0131 ke\u00e7mi\u015fdir.<\/p>\n\n\n\n<p>Qeyri-invaziv diaqnostika metodlar\u0131n\u0131 ( Exo kardioqrafiya, Xolter-EKQ, stresstest) icra edir.<\/p>\n","protected":false},"excerpt":{"rendered":"<p>H\u0259kim-Kardioloq 1969-cu ild\u0259 anadan olub. 1994-c\u00fc ild\u0259 Rusiya Federasiyas\u0131 Astraxan Tibb \u0130nstitutunu bitirib. 1996-ci ild\u0259&nbsp; Sumqay\u0131t 1sayl\u0131 x\u0259st\u0259xanada h\u0259kim Kardioloq kimi f\u0259aliyy\u0259t g\u00f6st\u0259rib. 2005-ci ild\u0259n bu g\u00fcn\u0259 q\u0259d\u0259r Sumqay\u0131t \u015f\u0259h\u0259rind\u0259 \u0130ntermedPlyus Diaqnostika M\u0259rk\u0259zind\u0259 h\u0259kim kardioloq kimi f\u0259aliyy\u0259t g\u00f6st\u0259rir. M\u0259rk\u0259zi Klinik x\u0259st\u0259xanada m\u00fcxt\u0259lif sah\u0259l\u0259rd\u0259 t\u0259kmill\u0259\u015fdirm\u0259 kurslar\u0131 ke\u00e7mi\u015fdir. Qeyri-invaziv diaqnostika metodlar\u0131n\u0131 ( Exo kardioqrafiya, Xolter-EKQ, stresstest) icra&hellip;<\/p>\n","protected":false},"author":1,"featured_media":386,"parent":0,"menu_order":0,"comment_status":"closed","ping_status":"closed","template":"","meta":{"pagelayer_contact_templates":[],"_pagelayer_content":"","footnotes":""},"class_list":["post-385","page","type-page","status-publish","has-post-thumbnail","hentry"],"_links":{"self":[{"href":"https:\/\/intermedplus.az\/index.php?rest_route=\/wp\/v2\/pages\/385","targetHints":{"allow":["GET"]}}],"collection":[{"href":"https:\/\/intermedplus.az\/index.php?rest_route=\/wp\/v2\/pages"}],"about":[{"href":"https:\/\/intermedplus.az\/index.php?rest_route=\/wp\/v2\/types\/page"}],"author":[{"embeddable":true,"href":"https:\/\/intermedplus.az\/index.php?rest_route=\/wp\/v2\/users\/1"}],"replies":[{"embeddable":true,"href":"https:\/\/intermedplus.az\/index.php?rest_route=%2Fwp%2Fv2%2Fcomments&post=385"}],"version-history":[{"count":1,"href":"https:\/\/intermedplus.az\/index.php?rest_route=\/wp\/v2\/pages\/385\/revisions"}],"predecessor-version":[{"id":387,"href":"https:\/\/intermedplus.az\/index.php?rest_route=\/wp\/v2\/pages\/385\/revisions\/387"}],"wp:featuredmedia":[{"embeddable":true,"href":"https:\/\/intermedplus.az\/index.php?rest_route=\/wp\/v2\/media\/386"}],"wp:attachment":[{"href":"https:\/\/intermedplus.az\/index.php?rest_route=%2Fwp%2Fv2%2Fmedia&parent=385"}],"curies":[{"name":"wp","href":"https:\/\/api.w.org\/{rel}","templated":true}]}}