{"id":406,"date":"2020-09-16T02:04:36","date_gmt":"2020-09-15T22:04:36","guid":{"rendered":"http:\/\/intermedplus.az\/?page_id=406"},"modified":"2020-09-28T00:05:27","modified_gmt":"2020-09-27T20:05:27","slug":"dr-rust%c9%99mova-aynur%c9%99","status":"publish","type":"page","link":"https:\/\/intermedplus.az\/?page_id=406","title":{"rendered":"Dr. R\u00fcst\u0259mova Aynur\u0259"},"content":{"rendered":"\n<p>H\u0259kim-USM<\/p>\n\n\n\n<p>31.08.1978-ci ild\u0259 \u0130smay\u0131ll\u0131 rayonunda anadan olmu\u015fdur.<\/p>\n\n\n\n<p>2000-ci ild\u0259 Az\u0259rbaycan Tibb Universitetinin Tibbi Biologiya fak\u00fclt\u0259sini bitirmi\u015fdir.<\/p>\n\n\n\n<p>\u0130xtisasca \u015e\u00fca Diaqnostika h\u0259kimidir.<\/p>\n\n\n\n<p>2012-ci ild\u0259n \u0130ntermed+ Diaqnostika M\u0259rk\u0259zind\u0259 f\u0259aliyy\u0259t g\u00f6st\u0259rir.<\/p>\n","protected":false},"excerpt":{"rendered":"<p>H\u0259kim-USM 31.08.1978-ci ild\u0259 \u0130smay\u0131ll\u0131 rayonunda anadan olmu\u015fdur. 2000-ci ild\u0259 Az\u0259rbaycan Tibb Universitetinin Tibbi Biologiya fak\u00fclt\u0259sini bitirmi\u015fdir. \u0130xtisasca \u015e\u00fca Diaqnostika h\u0259kimidir. 2012-ci ild\u0259n \u0130ntermed+ Diaqnostika M\u0259rk\u0259zind\u0259 f\u0259aliyy\u0259t g\u00f6st\u0259rir.<\/p>\n","protected":false},"author":1,"featured_media":407,"parent":0,"menu_order":0,"comment_status":"closed","ping_status":"closed","template":"","meta":{"pagelayer_contact_templates":[],"_pagelayer_content":"","footnotes":""},"class_list":["post-406","page","type-page","status-publish","has-post-thumbnail","hentry"],"_links":{"self":[{"href":"https:\/\/intermedplus.az\/index.php?rest_route=\/wp\/v2\/pages\/406","targetHints":{"allow":["GET"]}}],"collection":[{"href":"https:\/\/intermedplus.az\/index.php?rest_route=\/wp\/v2\/pages"}],"about":[{"href":"https:\/\/intermedplus.az\/index.php?rest_route=\/wp\/v2\/types\/page"}],"author":[{"embeddable":true,"href":"https:\/\/intermedplus.az\/index.php?rest_route=\/wp\/v2\/users\/1"}],"replies":[{"embeddable":true,"href":"https:\/\/intermedplus.az\/index.php?rest_route=%2Fwp%2Fv2%2Fcomments&post=406"}],"version-history":[{"count":2,"href":"https:\/\/intermedplus.az\/index.php?rest_route=\/wp\/v2\/pages\/406\/revisions"}],"predecessor-version":[{"id":467,"href":"https:\/\/intermedplus.az\/index.php?rest_route=\/wp\/v2\/pages\/406\/revisions\/467"}],"wp:featuredmedia":[{"embeddable":true,"href":"https:\/\/intermedplus.az\/index.php?rest_route=\/wp\/v2\/media\/407"}],"wp:attachment":[{"href":"https:\/\/intermedplus.az\/index.php?rest_route=%2Fwp%2Fv2%2Fmedia&parent=406"}],"curies":[{"name":"wp","href":"https:\/\/api.w.org\/{rel}","templated":true}]}}