{"id":93,"date":"2020-07-31T04:31:04","date_gmt":"2020-07-31T00:31:04","guid":{"rendered":"http:\/\/intermedplus.az\/?page_id=93"},"modified":"2020-08-04T11:20:38","modified_gmt":"2020-08-04T07:20:38","slug":"ultras%c9%99s-muayin%c9%99si","status":"publish","type":"page","link":"https:\/\/intermedplus.az\/?page_id=93","title":{"rendered":"Ultras\u0259s m\u00fcayin\u0259si"},"content":{"rendered":"\n<p>\u018fvv\u0259lc\u0259 onu qeyd ed\u0259k ki, <strong>ultras\u0259s m\u00fcayin\u0259<\/strong> (USM) \u015f\u00fca deyil, s\u0259s dal\u011falar\u0131d\u0131r. USM tibbin \u0259ks\u0259r sah\u0259l\u0259rind\u0259 istifad\u0259 olunan \u00e7ox faydal\u0131 bir g\u00f6r\u00fcnt\u00fcl\u0259m\u0259 metodudur. S\u0259s dal\u011falar\u0131 oldu\u011funa g\u00f6r\u0259, b\u00fct\u00fcn insanlar, h\u0259m\u00e7inin hamil\u0259l\u0259r v\u0259 yeni do\u011fulan k\u00f6rp\u0259l\u0259rd\u0259 istifad\u0259si z\u0259r\u0259rsizdir. USM-d\u0259 ultradal\u011fal\u0131 \u015f\u00fcalar\u0131n k\u00f6m\u0259yi il\u0259 h\u0259yata ke\u00e7iril\u0259n tibbi m\u00fcayin\u0259 n\u00f6v\u00fcd\u00fcr. Rentgen \u015f\u00fcalar\u0131 kimi, ultradal\u011fal\u0131 \u015f\u00fcalar da toxumalar\u0131n aras\u0131ndan ke\u00e7ir v\u0259 sonra da \u0259ks olunur. \u018fks olunduqda bu \u015f\u00fcalar monitorda m\u00fc\u0259yy\u0259n t\u0259svirl\u0259r yarad\u0131r. Bu t\u0259svirl\u0259r\u0259 \u0259saslanaraq h\u0259kim pasientin orqanlar\u0131n\u0131n v\u0259 toxumalar\u0131n\u0131n v\u0259ziyy\u0259tini qiym\u0259tl\u0259ndirir. Ultras\u0259s m\u00fcayin\u0259 qar\u0131n bo\u015flu\u011fu orqanlar\u0131, b\u00f6yr\u0259kl\u0259r, ki\u00e7ik \u00e7anaq orqanlar\u0131 v\u0259 qalxanab\u0259nz\u0259r v\u0259zin m\u00fcayin\u0259sin\u0259 ehtiyac oldu\u011fu zaman h\u0259yata ke\u00e7irilir. \u00dcmumiyy\u0259tl\u0259, g\u0259l\u0259c\u0259kd\u0259 h\u0259r birimizin rastla\u015fma ehtimal\u0131 olan a\u011f\u0131r x\u0259st\u0259likl\u0259r\u0259 vaxt\u0131nda diaqnozun qoyulmas\u0131 v\u0259 tez aradan qald\u0131r\u0131lmas\u0131 \u00fc\u00e7\u00fcn h\u0259r bir \u015f\u0259xs ild\u0259 bir d\u0259f\u0259 \u201ccheck-up\u201ddan ke\u00e7m\u0259lidir ki, USM d\u0259 bu zaman vacib m\u00fcayin\u0259l\u0259r s\u0131ras\u0131ndad\u0131r. USM t\u0259hl\u00fck\u0259siz m\u00fcayin\u0259 metodudur v\u0259 \u00e7oxsayl\u0131 x\u0259st\u0259likl\u0259rin m\u00fcayin\u0259sind\u0259, habel\u0259 m\u00fcalic\u0259nin effektivliyinin monitorinqind\u0259 geni\u015f istifad\u0259 olunur. Hamil\u0259liyin gedi\u015fini izl\u0259m\u0259k \u00fc\u00e7\u00fcn bu metod \u0259v\u0259zedilm\u0259zdir. Doppleroqrafiya is\u0259 doppler effektin\u0259 \u0259saslanan m\u00fcayin\u0259 \u00fcsuludur. Doppler m\u00fcayin\u0259 yeni n\u0259sil ultras\u0259s cihazlar\u0131 il\u0259 apar\u0131l\u0131r. <\/p>\n\n\n\n<p><strong>USM-d\u0259n as\u0131l\u0131 olaraq pasiyentl\u0259rin m\u00fcayin\u0259y\u0259 haz\u0131rlanmas\u0131 t\u0259l\u0259b olunur:<\/strong><\/p>\n\n\n\n<ul class=\"wp-block-list\"><li>\u00d6d, \u00f6d yollar\u0131 v\u0259 m\u0259d\u0259alt\u0131 v\u0259zi m\u00fcayin\u0259 olunduqda, pasiyent m\u00fcayin\u0259d\u0259n 3 g\u00fcn \u0259vv\u0259l k\u00f6p \u0259m\u0259l\u0259 g\u0259tir\u0259n m\u0259hsullardan (s\u00fcd, noxud, lobya, qara \u00e7\u00f6r\u0259k, t\u0259z\u0259 t\u0259r\u0259v\u0259z) imtina etm\u0259li, m\u00fcayin\u0259y\u0259 ac qar\u0131na g\u0259lm\u0259lidir.<\/li><li>Ki\u00e7ik \u00e7anaq orqanlar\u0131 (u\u015faql\u0131q, yumurtal\u0131qlar, prostat v\u0259zi) v\u0259 sidik kis\u0259si m\u00fcayin\u0259 olunduqda pasient m\u00fcayin\u0259d\u0259n 1 saat \u0259vv\u0259l 1 litr il\u0131q su i\u00e7m\u0259li v\u0259 sidik kis\u0259sini bo\u015faltmamal\u0131d\u0131r. Qad\u0131nlarda u\u015faql\u0131q v\u0259 yumurtal\u0131qlar\u0131n v\u0259ziyy\u0259ti transvaginal \u00fcsul il\u0259 (u\u015faql\u0131q yolundan) m\u00fcayin\u0259 oluna bil\u0259r. Bu halda sidik kis\u0259si dolu olmamal\u0131d\u0131r. \u018fksin\u0259 olaraq m\u00fcayin\u0259d\u0259n \u0259vv\u0259l qad\u0131n sidik kis\u0259sini bo\u015faltmal\u0131d\u0131r.<\/li><li>S\u00fcd v\u0259zil\u0259ri m\u00fcayin\u0259 olunduqda qad\u0131n m\u00fcayin\u0259y\u0259 menstrual d\u00f6vr\u00fcn\u00fcn 7-10 -cu g\u00fcnl\u0259ri g\u0259lm\u0259lidir (postmenopauza d\u00f6vr\u00fcnd\u0259 olan qad\u0131n ist\u0259nil\u0259n g\u00fcn m\u00fcayin\u0259 oluna bil\u0259r).<\/li><li>Prostat v\u0259zinin m\u00fcayin\u0259sind\u0259n \u0259vv\u0259l pasiyent t\u0259r\u0259find\u0259n ba\u011f\u0131rsaqlar\u0131n bo\u015fald\u0131lmas\u0131 vacibdir.<\/li><li>Hamil\u0259liyin monitorinqi. Hamil\u0259liyin \u0259vv\u0259lind\u0259 h\u0259kimin m\u0259sl\u0259h\u0259ti \u0259sas\u0131nda ultras\u0259s m\u00fcayin\u0259si transvaginal (u\u015faql\u0131q yolundan) \u00fcsul il\u0259, daha sonrak\u0131 d\u00f6vrl\u0259rd\u0259 is\u0259 abdominal (qar\u0131n bo\u015flu\u011fu divar\u0131ndan) \u00fcsul il\u0259 apar\u0131l\u0131r.<\/li><li>Fetal neyrosonoqrafiya. K\u00f6rp\u0259l\u0259rd\u0259 USM vasit\u0259sil\u0259 a\u00e7\u0131q \u0259mg\u0259kd\u0259n beyini m\u00fcayin\u0259 etm\u0259k m\u00fcmk\u00fcnd\u00fcr.<\/li><\/ul>\n\n\n\n<p><strong>Qeyd.<em> M\u00fcayin\u0259d\u0259n \u0259vv\u0259l h\u0259kim pasientin d\u0259risin\u0259 x\u00fcsusi gel \u00e7\u0259kir. Bu gel \u015f\u00fcalar\u0131n daha yax\u015f\u0131 ke\u00e7m\u0259sin\u0259 v\u0259 ultras\u0259s probunun daha yax\u015f\u0131 h\u0259r\u0259k\u0259t etm\u0259sin\u0259 (s\u00fcr\u00fc\u015fm\u0259sin\u0259) k\u00f6m\u0259k edir. Gel hipoallergendir v\u0259 \u00e7ox nadir hallarda s\u0259pgi v\u0259 dig\u0259r xo\u015fag\u0259lm\u0259z ke\u00e7ici t\u0259sirl\u0259r yarada bil\u0259r. USM ad\u0259t\u0259n 5-30 d\u0259qiq\u0259 davam ed\u0259 bil\u0259r. T\u0259l\u0259b olunduqda, h\u0259kim m\u00fcayin\u0259nin t\u0259krar apar\u0131lmas\u0131n\u0131 (m\u0259s., sidik kis\u0259sinin tam dolmas\u0131, yem\u0259k q\u0259bulundan d\u0259rhal sonra v\u0259 s.) ist\u0259y\u0259 bil\u0259r.<\/em><\/strong><\/p>\n\n\n\n<p><strong>&#8220;InterMed&#8221;+ Diaqnostika M\u0259rk\u0259zind\u0259 USM vasit\u0259sil\u0259 a\u015fa\u011f\u0131dak\u0131 m\u00fcayin\u0259l\u0259r apar\u0131l\u0131r:<\/strong><\/p>\n\n\n\n<ul class=\"wp-block-list\"><li>Abdominal ultras\u0259s m\u00fcayin\u0259si (qaraciy\u0259r, \u00f6d kis\u0259si, dalaq, m\u0259d\u0259alt\u0131 v\u0259zi, b\u00f6yr\u0259kl\u0259r)<\/li><li>Neyrosonoqrafiya (bir ya\u015fa q\u0259d\u0259r u\u015faqlarda beynin ultras\u0259s m\u00fcayin\u0259si)<\/li><li>Bud-\u00e7anaq oyna\u011f\u0131n\u0131n m\u00fcayin\u0259si<\/li><li>Hamil\u0259liyin geni\u015f ultras\u0259s m\u00fcayin\u0259si<\/li><li>S\u00fcd v\u0259zil\u0259rinin m\u00fcayin\u0259si (ad\u0259t\u0259n ya\u015f\u0131 35-d\u0259n a\u015fa\u011f\u0131 olan qad\u0131nlarda)<\/li><li>Fetal ultrasonoqrafiya (d\u00f6l\u00fcn 3D, 4D texnologiyas\u0131 il\u0259 m\u00fcayin\u0259si)<\/li><li>Ki\u00e7ik \u00e7anaq orqanlar\u0131n\u0131n ultras\u0259s m\u00fcayin\u0259si (u\u015faql\u0131q, yumurtal\u0131qlar, prostat v\u0259zi, toxum kis\u0259cikl\u0259ri, sidik kis\u0259si)<\/li><li>Doppleroqrafiya (a\u015fa\u011f\u0131 v\u0259 yuxar\u0131 \u0259traflar venalar v\u0259 arteriyalar, ekstrakranial damarlar, qar\u0131n aortas\u0131, b\u00f6yr\u0259k arteriyalar\u0131, portal sistemin doppleroqrafiyas\u0131)<\/li><li>Prostat v\u0259zinin rektal USM<\/li><li>Qalxanab\u0259nz\u0259r v\u0259zin m\u00fcayin\u0259si<\/li><li>Timus v\u0259zinin m\u00fcayin\u0259si<\/li><li>S\u0259thi toxumalar\u0131n m\u00fcayin\u0259si<\/li><li>S\u00fcd v\u0259zil\u0259rinin m\u00fcayin\u0259si (ad\u0259t\u0259n ya\u015f\u0131 35-d\u0259n a\u015fa\u011f\u0131 olan qad\u0131nlarda) v\u0259 s.<\/li><\/ul>\n","protected":false},"excerpt":{"rendered":"<p>\u018fvv\u0259lc\u0259 onu qeyd ed\u0259k ki, ultras\u0259s m\u00fcayin\u0259 (USM) \u015f\u00fca deyil, s\u0259s dal\u011falar\u0131d\u0131r. USM tibbin \u0259ks\u0259r sah\u0259l\u0259rind\u0259 istifad\u0259 olunan \u00e7ox faydal\u0131 bir g\u00f6r\u00fcnt\u00fcl\u0259m\u0259 metodudur. S\u0259s dal\u011falar\u0131 oldu\u011funa g\u00f6r\u0259, b\u00fct\u00fcn insanlar, h\u0259m\u00e7inin hamil\u0259l\u0259r v\u0259 yeni do\u011fulan k\u00f6rp\u0259l\u0259rd\u0259 istifad\u0259si z\u0259r\u0259rsizdir. USM-d\u0259 ultradal\u011fal\u0131 \u015f\u00fcalar\u0131n k\u00f6m\u0259yi il\u0259 h\u0259yata ke\u00e7iril\u0259n tibbi m\u00fcayin\u0259 n\u00f6v\u00fcd\u00fcr. Rentgen \u015f\u00fcalar\u0131 kimi, ultradal\u011fal\u0131 \u015f\u00fcalar da toxumalar\u0131n aras\u0131ndan&hellip;<\/p>\n","protected":false},"author":1,"featured_media":94,"parent":0,"menu_order":0,"comment_status":"closed","ping_status":"closed","template":"","meta":{"pagelayer_contact_templates":[],"_pagelayer_content":"","footnotes":""},"class_list":["post-93","page","type-page","status-publish","has-post-thumbnail","hentry"],"_links":{"self":[{"href":"https:\/\/intermedplus.az\/index.php?rest_route=\/wp\/v2\/pages\/93","targetHints":{"allow":["GET"]}}],"collection":[{"href":"https:\/\/intermedplus.az\/index.php?rest_route=\/wp\/v2\/pages"}],"about":[{"href":"https:\/\/intermedplus.az\/index.php?rest_route=\/wp\/v2\/types\/page"}],"author":[{"embeddable":true,"href":"https:\/\/intermedplus.az\/index.php?rest_route=\/wp\/v2\/users\/1"}],"replies":[{"embeddable":true,"href":"https:\/\/intermedplus.az\/index.php?rest_route=%2Fwp%2Fv2%2Fcomments&post=93"}],"version-history":[{"count":2,"href":"https:\/\/intermedplus.az\/index.php?rest_route=\/wp\/v2\/pages\/93\/revisions"}],"predecessor-version":[{"id":111,"href":"https:\/\/intermedplus.az\/index.php?rest_route=\/wp\/v2\/pages\/93\/revisions\/111"}],"wp:featuredmedia":[{"embeddable":true,"href":"https:\/\/intermedplus.az\/index.php?rest_route=\/wp\/v2\/media\/94"}],"wp:attachment":[{"href":"https:\/\/intermedplus.az\/index.php?rest_route=%2Fwp%2Fv2%2Fmedia&parent=93"}],"curies":[{"name":"wp","href":"https:\/\/api.w.org\/{rel}","templated":true}]}}